{"id":4674,"date":"2023-05-01T08:32:11","date_gmt":"2023-05-01T08:32:11","guid":{"rendered":"https:\/\/losiannini.com\/cookie-richtlinie\/"},"modified":"2023-06-23T13:44:33","modified_gmt":"2023-06-23T13:44:33","slug":"cookie-richtlinie","status":"publish","type":"page","link":"https:\/\/losiannini.com\/de\/cookie-richtlinie\/","title":{"rendered":"Cookie-Richtlinie"},"content":{"rendered":"\t\t<div data-elementor-type=\"wp-page\" data-elementor-id=\"4674\" class=\"elementor elementor-4674 elementor-1250\" data-elementor-post-type=\"page\">\n\t\t\t\t<div class=\"elementor-element elementor-element-ee2ed14 e-flex e-con-boxed e-con e-parent\" data-id=\"ee2ed14\" data-element_type=\"container\" data-settings=\"{&quot;background_background&quot;:&quot;classic&quot;}\">\n\t\t\t\t\t<div class=\"e-con-inner\">\n\t\t\t\t<div class=\"elementor-element elementor-element-3976a54 elementor-widget elementor-widget-heading\" data-id=\"3976a54\" data-element_type=\"widget\" data-widget_type=\"heading.default\">\n\t\t\t\t<div class=\"elementor-widget-container\">\n\t\t\t<style>\/*! elementor - v3.21.0 - 25-04-2024 *\/\n.elementor-heading-title{padding:0;margin:0;line-height:1}.elementor-widget-heading .elementor-heading-title[class*=elementor-size-]>a{color:inherit;font-size:inherit;line-height:inherit}.elementor-widget-heading .elementor-heading-title.elementor-size-small{font-size:15px}.elementor-widget-heading .elementor-heading-title.elementor-size-medium{font-size:19px}.elementor-widget-heading .elementor-heading-title.elementor-size-large{font-size:29px}.elementor-widget-heading .elementor-heading-title.elementor-size-xl{font-size:39px}.elementor-widget-heading .elementor-heading-title.elementor-size-xxl{font-size:59px}<\/style><h2 class=\"elementor-heading-title elementor-size-default\">Cookies-Richtlinie von Maratea Gelati SL (Los Iannini)<\/h2>\t\t<\/div>\n\t\t\t\t<\/div>\n\t\t\t\t<div class=\"elementor-element elementor-element-121faf6 elementor-widget elementor-widget-text-editor\" data-id=\"121faf6\" data-element_type=\"widget\" data-widget_type=\"text-editor.default\">\n\t\t\t\t<div class=\"elementor-widget-container\">\n\t\t\t<style>\/*! elementor - v3.21.0 - 25-04-2024 *\/\n.elementor-widget-text-editor.elementor-drop-cap-view-stacked .elementor-drop-cap{background-color:#69727d;color:#fff}.elementor-widget-text-editor.elementor-drop-cap-view-framed .elementor-drop-cap{color:#69727d;border:3px solid;background-color:transparent}.elementor-widget-text-editor:not(.elementor-drop-cap-view-default) .elementor-drop-cap{margin-top:8px}.elementor-widget-text-editor:not(.elementor-drop-cap-view-default) .elementor-drop-cap-letter{width:1em;height:1em}.elementor-widget-text-editor .elementor-drop-cap{float:left;text-align:center;line-height:1;font-size:50px}.elementor-widget-text-editor .elementor-drop-cap-letter{display:inline-block}<\/style>\t\t\t\t<p>Letzte Aktualisierung: 01\/05\/23<\/p>\n<p>Maratea Gelati (&#8222;uns&#8220;, &#8222;wir&#8220;, &#8222;uns&#8220;, &#8222;unser&#8220;) betreibt die Website <a href=\"http:\/\/www.losiannini.com\">www.losiannini.com<\/a> (der &#8222;Service&#8220;). Diese Cookie-Richtlinie beschreibt, wie wir Cookies und andere Tracking-Technologien auf unserer Website in \u00dcbereinstimmung mit den geltenden Datenschutzgesetzen und -vorschriften, einschlie\u00dflich der Allgemeinen Datenschutzverordnung (GDPR) und dem Organgesetz 3\/2018 vom 5. Dezember \u00fcber den Schutz personenbezogener Daten und die Gew\u00e4hrleistung digitaler Rechte (LOPDGDD), verwenden.<\/p>\n<p>Durch die Nutzung unseres Dienstes erkl\u00e4ren Sie sich mit der Verwendung von Cookies in \u00dcbereinstimmung mit dieser Cookie-Richtlinie einverstanden. Wenn Sie mit der Verwendung von Cookies nicht einverstanden sind, deaktivieren Sie sie bitte, indem Sie die nachstehenden Anweisungen befolgen.<\/p>\n<p><strong>Was sind Cookies?<\/strong><\/p>\n<p>Cookies sind kleine Textdateien, die auf Ihrem Computer oder Mobilger\u00e4t gespeichert werden, wenn Sie eine Website besuchen. Sie erm\u00f6glichen es einer Website, sich Ihre Pr\u00e4ferenzen und Aktionen \u00fcber einen bestimmten Zeitraum hinweg zu merken, wodurch Ihr Surferlebnis effizienter und pers\u00f6nlicher wird.<\/p>\n<p><strong>Arten von Cookies, die wir verwenden<\/strong><\/p>\n<p>Wir verwenden die folgenden Arten von Cookies auf unserer Website:<\/p>\n<p>Streng notwendige Cookies: Diese Cookies sind f\u00fcr das reibungslose Funktionieren der Website unerl\u00e4sslich und k\u00f6nnen nicht deaktiviert werden. Sie erm\u00f6glichen Ihnen das Surfen auf der Website, die Nutzung ihrer Funktionen und den Zugang zu sicheren Bereichen.<\/p>\n<p>Leistungs-Cookies: Diese Cookies sammeln Informationen dar\u00fcber, wie Besucher unsere Website nutzen, z. B. welche Seiten am h\u00e4ufigsten besucht werden und ob sie Fehlermeldungen erhalten. Sie helfen uns, die Funktionalit\u00e4t und Leistung unserer Website zu verbessern.<\/p>\n<p>Funktionalit\u00e4ts-Cookies: Diese Cookies speichern Ihre Pr\u00e4ferenzen und Entscheidungen, wie z. B. die Sprache, den Standort oder die Eissorten, die Sie angesehen haben. Sie helfen uns, das Surfen pers\u00f6nlicher und besser zu gestalten.<\/p>\n<p>Targeting- oder Werbe-Cookies: Diese Cookies werden verwendet, um auf der Grundlage Ihres Surfverhaltens und Ihrer Pr\u00e4ferenzen relevante Werbung und Angebote zu liefern. Sie werden auch verwendet, um die Anzahl der Werbeeinblendungen zu begrenzen und die Wirksamkeit unserer Marketingkampagnen zu messen.<\/p>\n<p><strong>Wie man Cookies verwaltet und l\u00f6scht<\/strong><\/p>\n<p>Sie k\u00f6nnen Cookies verwalten oder l\u00f6schen, indem Sie Ihre Browsereinstellungen anpassen. Der Vorgang ist je nach verwendetem Browser unterschiedlich. Wie Sie Cookies verwalten und l\u00f6schen k\u00f6nnen, entnehmen Sie bitte dem Hilfebereich Ihres Browsers.<\/p>\n<p>Bitte beachten Sie, dass die Deaktivierung von Cookies die Funktionalit\u00e4t und die Merkmale unserer Website beeintr\u00e4chtigen kann und dass Sie m\u00f6glicherweise auf bestimmte Bereiche oder Dienste nicht zugreifen k\u00f6nnen.<\/p>\n<p><strong>\u00c4nderungen an unserer Cookie-Richtlinie<\/strong><\/p>\n<p>Wir behalten uns das Recht vor, diese Cookie-Richtlinie jederzeit zu aktualisieren oder zu \u00e4ndern. Alle \u00c4nderungen werden auf dieser Seite ver\u00f6ffentlicht, und wir empfehlen Ihnen, regelm\u00e4\u00dfig nachzusehen, um \u00fcber unsere Verwendung von Cookies informiert zu bleiben.<\/p>\n<p><strong>Kontakt<\/strong><\/p>\n<p>Wenn Sie Fragen oder Bedenken bez\u00fcglich unserer Cookie-Richtlinie haben, kontaktieren Sie uns bitte unter:<\/p>\n<p>MARATEA GELATI<br \/>Avenida Joan Miro 326, AE<\/p>\n<p>07015<\/p>\n<p>Palma de Mallorca, Spanien<\/p>\n<p>UMSATZSTEUER-IDENTIFIKATIONSNUMMER: B57885774<\/p>\n<p>E-Mail: info@ianninigelati.com<br \/>Telefon: <span aria-label=\"Call phone number 971 78 11 99\">971 78 11 99<\/span><\/p>\n\t\t\t\t\t\t<\/div>\n\t\t\t\t<\/div>\n\t\t\t\t\t<\/div>\n\t\t\t\t<\/div>\n\t\t\t\t<\/div>\n\t\t","protected":false},"excerpt":{"rendered":"<p>Cookies-Richtlinie von Maratea Gelati SL (Los Iannini) Letzte Aktualisierung: 01\/05\/23 Maratea Gelati (&#8222;uns&#8220;, &#8222;wir&#8220;, &#8222;uns&#8220;, &#8222;unser&#8220;) betreibt die Website www.losiannini.com (der &#8222;Service&#8220;). Diese Cookie-Richtlinie beschreibt, wie wir Cookies und andere Tracking-Technologien auf unserer Website in \u00dcbereinstimmung mit den geltenden Datenschutzgesetzen und -vorschriften, einschlie\u00dflich der Allgemeinen Datenschutzverordnung (GDPR) und dem Organgesetz 3\/2018 vom 5. Dezember \u00fcber [&hellip;]<\/p>\n","protected":false},"author":1,"featured_media":0,"parent":0,"menu_order":0,"comment_status":"closed","ping_status":"closed","template":"","meta":{"footnotes":""},"class_list":["post-4674","page","type-page","status-publish","hentry"],"_links":{"self":[{"href":"https:\/\/losiannini.com\/de\/wp-json\/wp\/v2\/pages\/4674","targetHints":{"allow":["GET"]}}],"collection":[{"href":"https:\/\/losiannini.com\/de\/wp-json\/wp\/v2\/pages"}],"about":[{"href":"https:\/\/losiannini.com\/de\/wp-json\/wp\/v2\/types\/page"}],"author":[{"embeddable":true,"href":"https:\/\/losiannini.com\/de\/wp-json\/wp\/v2\/users\/1"}],"replies":[{"embeddable":true,"href":"https:\/\/losiannini.com\/de\/wp-json\/wp\/v2\/comments?post=4674"}],"version-history":[{"count":3,"href":"https:\/\/losiannini.com\/de\/wp-json\/wp\/v2\/pages\/4674\/revisions"}],"predecessor-version":[{"id":4707,"href":"https:\/\/losiannini.com\/de\/wp-json\/wp\/v2\/pages\/4674\/revisions\/4707"}],"wp:attachment":[{"href":"https:\/\/losiannini.com\/de\/wp-json\/wp\/v2\/media?parent=4674"}],"curies":[{"name":"wp","href":"https:\/\/api.w.org\/{rel}","templated":true}]}}