{"id":4672,"date":"2023-05-01T09:40:02","date_gmt":"2023-05-01T09:40:02","guid":{"rendered":"https:\/\/losiannini.com\/rechtlicher-hinweis\/"},"modified":"2023-06-22T22:07:48","modified_gmt":"2023-06-22T22:07:48","slug":"rechtlicher-hinweis","status":"publish","type":"page","link":"https:\/\/losiannini.com\/de\/rechtlicher-hinweis\/","title":{"rendered":"Rechtlicher Hinweis"},"content":{"rendered":"\t\t<div data-elementor-type=\"wp-page\" data-elementor-id=\"4672\" class=\"elementor elementor-4672 elementor-1262\" data-elementor-post-type=\"page\">\n\t\t\t\t<div class=\"elementor-element elementor-element-31cd1f7 e-flex e-con-boxed e-con e-parent\" data-id=\"31cd1f7\" data-element_type=\"container\" data-settings=\"{&quot;background_background&quot;:&quot;classic&quot;}\">\n\t\t\t\t\t<div class=\"e-con-inner\">\n\t\t\t\t<div class=\"elementor-element elementor-element-84b4131 elementor-widget elementor-widget-heading\" data-id=\"84b4131\" data-element_type=\"widget\" data-widget_type=\"heading.default\">\n\t\t\t\t<div class=\"elementor-widget-container\">\n\t\t\t<style>\/*! elementor - v3.21.0 - 25-04-2024 *\/\n.elementor-heading-title{padding:0;margin:0;line-height:1}.elementor-widget-heading .elementor-heading-title[class*=elementor-size-]>a{color:inherit;font-size:inherit;line-height:inherit}.elementor-widget-heading .elementor-heading-title.elementor-size-small{font-size:15px}.elementor-widget-heading .elementor-heading-title.elementor-size-medium{font-size:19px}.elementor-widget-heading .elementor-heading-title.elementor-size-large{font-size:29px}.elementor-widget-heading .elementor-heading-title.elementor-size-xl{font-size:39px}.elementor-widget-heading .elementor-heading-title.elementor-size-xxl{font-size:59px}<\/style><h1 class=\"elementor-heading-title elementor-size-default\">Maratea Gelati Rechtliche Hinweise<\/h1>\t\t<\/div>\n\t\t\t\t<\/div>\n\t\t\t\t<div class=\"elementor-element elementor-element-9d167dc elementor-widget elementor-widget-text-editor\" data-id=\"9d167dc\" data-element_type=\"widget\" data-widget_type=\"text-editor.default\">\n\t\t\t\t<div class=\"elementor-widget-container\">\n\t\t\t<style>\/*! elementor - v3.21.0 - 25-04-2024 *\/\n.elementor-widget-text-editor.elementor-drop-cap-view-stacked .elementor-drop-cap{background-color:#69727d;color:#fff}.elementor-widget-text-editor.elementor-drop-cap-view-framed .elementor-drop-cap{color:#69727d;border:3px solid;background-color:transparent}.elementor-widget-text-editor:not(.elementor-drop-cap-view-default) .elementor-drop-cap{margin-top:8px}.elementor-widget-text-editor:not(.elementor-drop-cap-view-default) .elementor-drop-cap-letter{width:1em;height:1em}.elementor-widget-text-editor .elementor-drop-cap{float:left;text-align:center;line-height:1;font-size:50px}.elementor-widget-text-editor .elementor-drop-cap-letter{display:inline-block}<\/style>\t\t\t\t<p>Eigent\u00fcmer und Identifizierung der Website<br \/>Diese Website, <a href=\"http:\/\/www.losiannini.com\"><br \/>\n  <strong>www.losiannini.com<\/strong><br \/>\n<\/a>(im Folgenden die &#8222;Website&#8220;) ist Eigentum von Maratea Gelati SL (im Folgenden &#8222;wir&#8220;, &#8222;uns&#8220;, &#8222;unser&#8220; oder &#8222;unser&#8220;), einem nach spanischem Recht ordnungsgem\u00e4\u00df eingetragenen Unternehmen, und wird von diesem betrieben.<\/p>\n<p><strong>Name des Unternehmens:<\/strong> Heladeria<br \/><strong>Firmensitz:<\/strong> Avenida Joan Miro 326, AE, Palma de Mallorca, Spanien<br \/><strong>Steueridentifikationsnummer (NIF\/CIF):<\/strong> B57885774<br \/><strong>E-Mail:<\/strong> info@ianninigelati.com<br \/><strong>Telefon:<\/strong> 971781199<\/p>\n<p><strong>Zweck der Website<\/strong><br \/>Der Zweck dieser Website ist es, Informationen \u00fcber unsere Speiseeisprodukte sowie \u00fcber unsere Cateringdienste f\u00fcr private Veranstaltungen und Meetings bereitzustellen. Die Nutzer k\u00f6nnen unsere Auswahl an Eissorten durchst\u00f6bern, sich \u00fcber unsere \u00f6rtliche Eisdiele informieren und sich \u00fcber unsere Cateringdienste f\u00fcr besondere Anl\u00e4sse informieren.<\/p>\n<p><strong>Rechte an geistigem Eigentum<\/strong><br \/>Alle Inhalte, einschlie\u00dflich, aber nicht beschr\u00e4nkt auf Texte, Bilder, Logos, Marken, Grafiken und andere Materialien, die auf der Website angezeigt werden oder \u00fcber diese verf\u00fcgbar sind, sind Eigentum von Maratea Gelati SL oder ihrer jeweiligen Lizenzgeber und sind durch spanische und internationale Urheberrechts-, Marken- und andere geistige Eigentumsrechte gesch\u00fctzt. Jede unerlaubte Nutzung, Vervielf\u00e4ltigung, Verbreitung oder Verwertung der Inhalte ist strengstens untersagt.<\/p>\n<p><strong>Links zu Websites Dritter<\/strong><br \/>Unsere Website kann Links zu Websites von Dritten enthalten, die nicht von uns kontrolliert oder gepflegt werden. Wir sind nicht verantwortlich f\u00fcr den Inhalt, die Datenschutzrichtlinien oder die Praktiken von Websites Dritter, und Sie greifen auf diese Websites auf eigenes Risiko zu. Die Aufnahme eines Links bedeutet nicht, dass wir die verlinkte Website oder ihren Inhalt guthei\u00dfen oder billigen.<\/p>\n<p><strong>Befreiung von der Haftung<\/strong><br \/>Obwohl wir uns bem\u00fchen, die Richtigkeit, Vollst\u00e4ndigkeit und Zuverl\u00e4ssigkeit der auf unserer Website bereitgestellten Informationen zu gew\u00e4hrleisten, \u00fcbernehmen wir keine Garantie daf\u00fcr, dass die Informationen fehlerfrei, aktuell oder f\u00fcr einen bestimmten Zweck geeignet sind. Wir haften nicht f\u00fcr direkte, indirekte, zuf\u00e4llige oder Folgesch\u00e4den, die sich aus der Nutzung oder der Unm\u00f6glichkeit der Nutzung der Website oder aus Informationen, Produkten oder Dienstleistungen ergeben, die \u00fcber die Website bezogen wurden.<\/p>\n<p><strong>Anwendbares Recht und Gerichtsbarkeit<\/strong><br \/>Die vorliegenden Bedingungen unterliegen spanischem Recht und werden nach diesem ausgelegt. F\u00fcr alle Streitigkeiten, die sich im Zusammenhang mit der Nutzung der Website oder im Zusammenhang mit diesen rechtlichen Hinweisen ergeben, sind ausschlie\u00dflich die Gerichte von Mallorca, Spanien, zust\u00e4ndig.<\/p>\n<p><strong>\u00c4nderungen des rechtlichen Hinweises<\/strong><br \/>Wir behalten uns das Recht vor, diese rechtlichen Hinweise jederzeit und ohne vorherige Ank\u00fcndigung zu \u00e4ndern oder zu aktualisieren. Den Benutzern wird empfohlen, diese rechtlichen Hinweise regelm\u00e4\u00dfig zu \u00fcberpr\u00fcfen, um sich \u00fcber etwaige \u00c4nderungen zu informieren.<\/p>\n<p><strong>Kontaktinformationen<\/strong><br \/>Wenn Sie Fragen oder Bedenken bez\u00fcglich dieses rechtlichen Hinweises oder irgendeines Aspekts unserer Website haben, kontaktieren Sie uns bitte unter:<\/p>\n<p><strong>E-Mail: info@ianninigelati.com<\/strong><br \/><strong>Telefon: 971781199<\/strong><\/p>\n\t\t\t\t\t\t<\/div>\n\t\t\t\t<\/div>\n\t\t\t\t\t<\/div>\n\t\t\t\t<\/div>\n\t\t\t\t<\/div>\n\t\t","protected":false},"excerpt":{"rendered":"<p>Maratea Gelati Rechtliche Hinweise Eigent\u00fcmer und Identifizierung der WebsiteDiese Website, www.losiannini.com (im Folgenden die &#8222;Website&#8220;) ist Eigentum von Maratea Gelati SL (im Folgenden &#8222;wir&#8220;, &#8222;uns&#8220;, &#8222;unser&#8220; oder &#8222;unser&#8220;), einem nach spanischem Recht ordnungsgem\u00e4\u00df eingetragenen Unternehmen, und wird von diesem betrieben. Name des Unternehmens: HeladeriaFirmensitz: Avenida Joan Miro 326, AE, Palma de Mallorca, SpanienSteueridentifikationsnummer (NIF\/CIF): B57885774E-Mail: [&hellip;]<\/p>\n","protected":false},"author":1,"featured_media":0,"parent":0,"menu_order":0,"comment_status":"closed","ping_status":"closed","template":"","meta":{"footnotes":""},"class_list":["post-4672","page","type-page","status-publish","hentry"],"_links":{"self":[{"href":"https:\/\/losiannini.com\/de\/wp-json\/wp\/v2\/pages\/4672","targetHints":{"allow":["GET"]}}],"collection":[{"href":"https:\/\/losiannini.com\/de\/wp-json\/wp\/v2\/pages"}],"about":[{"href":"https:\/\/losiannini.com\/de\/wp-json\/wp\/v2\/types\/page"}],"author":[{"embeddable":true,"href":"https:\/\/losiannini.com\/de\/wp-json\/wp\/v2\/users\/1"}],"replies":[{"embeddable":true,"href":"https:\/\/losiannini.com\/de\/wp-json\/wp\/v2\/comments?post=4672"}],"version-history":[{"count":1,"href":"https:\/\/losiannini.com\/de\/wp-json\/wp\/v2\/pages\/4672\/revisions"}],"predecessor-version":[{"id":4673,"href":"https:\/\/losiannini.com\/de\/wp-json\/wp\/v2\/pages\/4672\/revisions\/4673"}],"wp:attachment":[{"href":"https:\/\/losiannini.com\/de\/wp-json\/wp\/v2\/media?parent=4672"}],"curies":[{"name":"wp","href":"https:\/\/api.w.org\/{rel}","templated":true}]}}